{"id":28,"date":"2016-05-11T17:20:49","date_gmt":"2016-05-11T16:20:49","guid":{"rendered":"http:\/\/limoges-osteopathe.fr\/?page_id=28"},"modified":"2026-01-30T15:25:15","modified_gmt":"2026-01-30T14:25:15","slug":"osteopathe-limoges","status":"publish","type":"page","link":"https:\/\/limoges-osteopathe.fr\/","title":{"rendered":"Accueil"},"content":{"rendered":"\n<p><a style=\"display: block; text-align: center; background-color: #0596de; color: #ffffff; font-size: 14px; overflow: hidden; width: 257px; height: 40px; border-bottom-right-radius: none; border-bottom-left-radius: none; position: fixed; bottom: 0; right: 5px; z-index: 1000; border-top-left-radius: 4px; border-top-right-radius: 4px; line-height: 40px;\" href=\"https:\/\/www.doctolib.fr\/osteopathe\/limoges\/charles-golfier?utm_campaign=website-button&amp;utm_source=charles-golfier-website-button&amp;utm_medium=referral&amp;utm_content=option-5&amp;utm_term=charles-golfier\" target=\"_blank\" rel=\"noopener\" data-reactroot=\"\"><span style=\"font-size: 13px;\">Prendre rendez-vous en ligne<\/span><img decoding=\"async\" style=\"height: 15px; margin-bottom: 3px; vertical-align: middle; width: auto;\" src=\"https:\/\/pro.doctolib.fr\/external_button\/doctolib-white-transparent.png\" alt=\"Doctolib\"><\/a><\/p>\n\n\n<div class=\"wp-block-image\">\n<figure class=\"aligncenter size-medium is-resized\"><a href=\"http:\/\/limoges-osteopathe.fr\/wp-content\/uploads\/2020\/11\/logo-pole-sante-png.png\"><img loading=\"lazy\" decoding=\"async\" width=\"300\" height=\"286\" src=\"https:\/\/limoges-osteopathe.fr\/wp-content\/uploads\/2020\/11\/logo-pole-sante-png-300x286.png\" alt=\"\" class=\"wp-image-342\" style=\"width:166px;height:auto\" srcset=\"https:\/\/limoges-osteopathe.fr\/wp-content\/uploads\/2020\/11\/logo-pole-sante-png-300x286.png 300w, https:\/\/limoges-osteopathe.fr\/wp-content\/uploads\/2020\/11\/logo-pole-sante-png.png 546w\" sizes=\"auto, (max-width: 300px) 100vw, 300px\" \/><\/a><\/figure>\n<\/div>\n\n\n<h1 class=\"wp-block-heading has-text-align-center\"><span style=\"font-size: 18pt;\">Charles GOLFIER Ost\u00e9opathe D.0. \u00e0 Limoges<\/span><\/h1>\n\n\n\n<h2 class=\"wp-block-heading has-text-align-center\"><span style=\"font-size: 18pt;\">P\u00f4le Sant\u00e9 Beaublanc Limoges<\/span><\/h2>\n\n\n<div class=\"wp-block-image is-style-default\">\n<figure class=\"aligncenter size-large is-resized\"><img loading=\"lazy\" decoding=\"async\" width=\"683\" height=\"1024\" src=\"https:\/\/limoges-osteopathe.fr\/wp-content\/uploads\/2026\/01\/Charles-golfier-osteopathe-limoges-683x1024.png\" alt=\"Charles Golfier Ost\u00e9opathe \u00e0 Limoges\" class=\"wp-image-587\" style=\"aspect-ratio:0.6670004095935921;width:286px;height:auto\" title=\"Charles Golfier Ost\u00e9opathe \u00e0 Limoges\" srcset=\"https:\/\/limoges-osteopathe.fr\/wp-content\/uploads\/2026\/01\/Charles-golfier-osteopathe-limoges-683x1024.png 683w, https:\/\/limoges-osteopathe.fr\/wp-content\/uploads\/2026\/01\/Charles-golfier-osteopathe-limoges-200x300.png 200w, https:\/\/limoges-osteopathe.fr\/wp-content\/uploads\/2026\/01\/Charles-golfier-osteopathe-limoges-768x1152.png 768w, https:\/\/limoges-osteopathe.fr\/wp-content\/uploads\/2026\/01\/Charles-golfier-osteopathe-limoges.png 1024w\" sizes=\"auto, (max-width: 683px) 100vw, 683px\" \/><\/figure>\n<\/div>\n\n\n<p class=\"has-text-align-center\" style=\"text-align: left;\"><span style=\"font-size: 14pt; font-family: helvetica, arial, sans-serif;\">&nbsp; &nbsp; &nbsp; &nbsp; &nbsp; Ost\u00e9opathe dipl\u00f4m\u00e9 du Coll\u00e8ge Ost\u00e9opathique Sutherland \u00e0 Paris, j\u2019ai obtenu mon dipl\u00f4me en 2013 \u00e0 l\u2019issue d\u2019une formation initiale compl\u00e8te de 5 ann\u00e9es, reconnue par le Minist\u00e8re de la Sant\u00e9 et conforme \u00e0 la r\u00e9glementation europ\u00e9enne en vigueur. <\/span><\/p>\n\n\n\n<p>\u00a0<\/p>\n<p class=\"has-text-align-center\"><em><span style=\"font-size: 14pt;\"><span style=\"font-family: helvetica, arial, sans-serif;\">Cette formation me permet d\u2019exercer l\u2019ost\u00e9opathie de mani\u00e8re exclusive.<\/span> <\/span><\/em><\/p>\n<p class=\"has-text-align-center\" style=\"text-align: left;\"><span style=\"font-size: 14pt;\">\u00a0<\/span><\/p>\n<p class=\"has-text-align-center\" style=\"text-align: left;\"><span style=\"font-size: 14pt;\"><span style=\"font-family: helvetica, arial, sans-serif;\">\u00a0 \u00a0 \u00a0 \u00a0 \u00a0 Ma pratique repose sur une prise en charge globale et individualis\u00e9e du patient. En fonction du motif de consultation, de l\u2019\u00e2ge et du profil du patient, j\u2019utilise des techniques de mobilisation musculo-articulaires associ\u00e9es \u00e0 des \u00e9tirements, lorsque celles-ci sont indiqu\u00e9es et b\u00e9n\u00e9fiques. Soucieux du confort et du respect du corps, je privil\u00e9gie autant que possible des techniques reconnues comme douces, tout en adaptant le traitement aux besoins sp\u00e9cifiques de chaque patient.<\/span> <\/span><\/p>\n<p>\u00a0<\/p>\n<p class=\"has-text-align-center\" style=\"text-align: left;\"><span style=\"font-size: 14pt; font-family: helvetica, arial, sans-serif;\">\u00a0 \u00a0 \u00a0 \u00a0 \u00a0 L\u2019\u00e9coute, l\u2019explication des gestes et la personnalisation de la prise en charge sont au c\u0153ur de ma pratique, afin d\u2019assurer des soins efficaces et s\u00e9curis\u00e9s.<\/span><\/p>\n<p>\u00a0<\/p>\n\n\n\n<h2 class=\"wp-block-heading has-text-align-center\"><a href=\"https:\/\/www.doctolib.fr\/osteopathe\/limoges\/charles-golfier\"><span style=\"font-size: 24pt;\">Prendre un Rendez-vous<\/span><\/a><\/h2>\n\n\n\n<h2 class=\"wp-block-heading has-text-align-center\"><a href=\"https:\/\/www.doctolib.fr\/osteopathe\/limoges\/charles-golfier\"><img loading=\"lazy\" decoding=\"async\" class=\"aligncenter  wp-image-552\" src=\"https:\/\/limoges-osteopathe.fr\/wp-content\/uploads\/2021\/11\/Logo_Doctolib.svg_.png\" alt=\"\" width=\"260\" height=\"124\" srcset=\"https:\/\/limoges-osteopathe.fr\/wp-content\/uploads\/2021\/11\/Logo_Doctolib.svg_.png 512w, https:\/\/limoges-osteopathe.fr\/wp-content\/uploads\/2021\/11\/Logo_Doctolib.svg_-300x143.png 300w\" sizes=\"auto, (max-width: 260px) 100vw, 260px\" \/><\/a><\/h2>\n\n\n\n<p class=\"has-text-align-center\"><a href=\"tel:+33555776520\"><span style=\"font-size: 18pt;\">05 55 77 65 20<\/span><\/a><\/p>\n\n\n\n<p class=\"has-text-align-center\"><span style=\"font-size: 14pt;\">Contact par mail<\/span><\/p>\n\n\n<div class=\"wp-block-image\">\n<figure class=\"aligncenter is-resized\"><a href=\"mailto:charles.golfier.osteopathe@gmail.com\"><img loading=\"lazy\" decoding=\"async\" width=\"501\" height=\"720\" src=\"http:\/\/limoges-osteopathe.fr\/wp-content\/uploads\/2020\/12\/icon-364244_960_720-1.png\" alt=\"\" class=\"wp-image-467\" style=\"aspect-ratio:0.6958357523618515;width:79px;height:auto\" srcset=\"https:\/\/limoges-osteopathe.fr\/wp-content\/uploads\/2020\/12\/icon-364244_960_720-1.png 501w, https:\/\/limoges-osteopathe.fr\/wp-content\/uploads\/2020\/12\/icon-364244_960_720-1-209x300.png 209w\" sizes=\"auto, (max-width: 501px) 100vw, 501px\" \/><\/a><\/figure>\n<\/div>\n\n<div class=\"wp-block-image is-style-rounded\">\n<figure class=\"aligncenter size-large is-resized\"><img loading=\"lazy\" decoding=\"async\" width=\"1024\" height=\"683\" src=\"https:\/\/limoges-osteopathe.fr\/wp-content\/uploads\/2026\/01\/photo-salle-dattente-rectangle-1-1024x683.png\" alt=\"\" class=\"wp-image-773\" style=\"width:398px;height:auto\" srcset=\"https:\/\/limoges-osteopathe.fr\/wp-content\/uploads\/2026\/01\/photo-salle-dattente-rectangle-1-1024x683.png 1024w, https:\/\/limoges-osteopathe.fr\/wp-content\/uploads\/2026\/01\/photo-salle-dattente-rectangle-1-300x200.png 300w, https:\/\/limoges-osteopathe.fr\/wp-content\/uploads\/2026\/01\/photo-salle-dattente-rectangle-1-768x512.png 768w, https:\/\/limoges-osteopathe.fr\/wp-content\/uploads\/2026\/01\/photo-salle-dattente-rectangle-1-272x182.png 272w, https:\/\/limoges-osteopathe.fr\/wp-content\/uploads\/2026\/01\/photo-salle-dattente-rectangle-1.png 1536w\" sizes=\"auto, (max-width: 1024px) 100vw, 1024px\" \/><\/figure>\n<\/div>\n\n\n<h2 class=\"wp-block-heading has-text-align-center\"><span style=\"font-size: 18pt;\">Horaires d&#8217;ouverture du cabinet d&#8217;ost\u00e9opathie<\/span><\/h2>\n\n\n\n<p><span style=\"font-size: 14pt;\">Le cabinet d\u2019ost\u00e9opathie vous accueille du <strong>lundi au vendredi, de 9h30 \u00e0 19h.<\/strong><\/span><\/p>\n\n\n\n<p><span style=\"font-size: 14pt;\">Des cr\u00e9neaux sont \u00e9galement propos\u00e9s certains<strong> samedis matins<\/strong>, de mani\u00e8re occasionnelle, afin de r\u00e9pondre aux besoins urgents ou aux disponibilit\u00e9s sp\u00e9cifiques des patients. Les horaires du samedi sont consultables lors de la prise de rendez-vous en ligne ou sur demande.<\/span><\/p>\n\n\n\n<p><span style=\"font-size: 14pt;\">La prise de rendez-vous est <strong>simple et rapide<\/strong>, avec des d\u00e9lais de consultation adapt\u00e9s, permettant une prise en charge efficace, que ce soit pour une douleur r\u00e9cente ou un suivi ost\u00e9opathique.<\/span><\/p>\n<p>\u00a0<\/p>\n\n\n\n<p class=\"has-text-align-center\"><span style=\"font-size: 14pt;\"><\/span><\/p>\n\n\n\n<figure class=\"wp-block-image size-large\"><img decoding=\"async\" src=\"blob:https:\/\/limoges-osteopathe.fr\/c073a08b-e4bb-4249-8d95-1a4f373461a6\" alt=\"\"\/><\/figure>\n\n\n\n<h2 style=\"text-align: center;\"><span style=\"font-size: 24pt;\">Parking Gratuit du P\u00f4le Sant\u00e9 Beaublanc<\/span><\/h2>\n<p>&nbsp;<\/p>\n<p style=\"text-align: center;\"><span style=\"font-size: 14pt;\">Un <strong>Parking gratuit<\/strong> de 90 places est \u00e0 la disposition des patients du <a href=\"https:\/\/www.pole-sante-beaublanc.fr\/\" target=\"_blank\" rel=\"noopener\">P\u00f4le Sant\u00e9 Beaublanc<\/a>. Le b\u00e2timent est enti\u00e8rement adapt\u00e9 aux personnes \u00e0 mobilit\u00e9 r\u00e9duite.<\/span><\/p>\n<div id=\"attachment_337\" style=\"width: 1010px\" class=\"wp-caption aligncenter\"><a href=\"http:\/\/limoges-osteopathe.fr\/wp-content\/uploads\/2020\/11\/pole-sante-beaublanc-osteopathe.jpg\"><img loading=\"lazy\" decoding=\"async\" aria-describedby=\"caption-attachment-337\" class=\"wp-image-337\" src=\"http:\/\/limoges-osteopathe.fr\/wp-content\/uploads\/2020\/11\/pole-sante-beaublanc-osteopathe-1024x443.jpg\" alt=\"parking gratuit P\u00f4le Sant\u00e9 Beaublanc\" width=\"1000\" height=\"433\" srcset=\"https:\/\/limoges-osteopathe.fr\/wp-content\/uploads\/2020\/11\/pole-sante-beaublanc-osteopathe-1024x443.jpg 1024w, https:\/\/limoges-osteopathe.fr\/wp-content\/uploads\/2020\/11\/pole-sante-beaublanc-osteopathe-300x130.jpg 300w, https:\/\/limoges-osteopathe.fr\/wp-content\/uploads\/2020\/11\/pole-sante-beaublanc-osteopathe-768x333.jpg 768w, https:\/\/limoges-osteopathe.fr\/wp-content\/uploads\/2020\/11\/pole-sante-beaublanc-osteopathe.jpg 1247w\" sizes=\"auto, (max-width: 1000px) 100vw, 1000px\" \/><\/a><p id=\"caption-attachment-337\" class=\"wp-caption-text\">Parking P\u00f4le Sant\u00e9 Beaublanc Gratuit &#8211; Cabinet d&#8217;ost\u00e9opathie Limoges<\/p><\/div>\n<p><img loading=\"lazy\" decoding=\"async\" class=\"aligncenter  wp-image-62\" src=\"http:\/\/limoges-osteopathe.fr\/wp-content\/uploads\/2016\/05\/adap_mode_emploi-300x253.jpg\" alt=\"adap_mode_emploi\" width=\"181\" height=\"153\" srcset=\"https:\/\/limoges-osteopathe.fr\/wp-content\/uploads\/2016\/05\/adap_mode_emploi-300x253.jpg 300w, https:\/\/limoges-osteopathe.fr\/wp-content\/uploads\/2016\/05\/adap_mode_emploi.jpg 475w\" sizes=\"auto, (max-width: 181px) 100vw, 181px\" \/><\/p>\n<p>&nbsp;<\/p>\n<p>&nbsp;<\/p>\n\n\n\n<h2 style=\"text-align: center;\"><span style=\"font-size: 24pt;\">Adresse<\/span><\/h2>\n<p style=\"text-align: center;\"><span style=\"font-size: 14pt;\">P\u00f4le Sant\u00e9 Beaublanc <\/span><\/p>\n<p style=\"text-align: center;\"><span style=\"font-size: 14pt;\">101 Bis avenue Montjovis 87100 Limoges<\/span><\/p>\n<div class=\"mceTemp\">\n<p dir=\"ltr\" style=\"text-align: center;\">&nbsp;<\/p>\n<\/div>\n\n\n\n<iframe loading=\"lazy\" src=\"https:\/\/www.google.com\/maps\/embed?pb=!1m14!1m8!1m3!1d11117.43927131299!2d1.2454474!3d45.8440976!3m2!1i1024!2i768!4f13.1!3m3!1m2!1s0x0%3A0x32d60cb3c30847d7!2sP%C3%B4le%20Sant%C3%A9%20Beaublanc%20-%20Ost%C3%A9opathe%20-%20Charles%20GOLFIER%20%26%20Dominique%20PASQUET!5e0!3m2!1sfr!2sfr!4v1606932289645!5m2!1sfr!2sfr\" width=\"100%\" height=\"450\" frameborder=\"0\" style=\"border:0;\" allowfullscreen=\"\" aria-hidden=\"false\" tabindex=\"0\"><\/iframe>\n\n\n\n<header class=\"entry-header\">\n<div class=\"mceTemp\">\n<p dir=\"ltr\" style=\"text-align: center;\">&nbsp;<\/p>\n<h2 class=\"entry-title\" style=\"text-align: center;\"><span style=\"font-size: 24pt;\">Honoraires<\/span><\/h2>\n<\/div>\n<\/header>\n<div class=\"entry-content\">\n<p><span style=\"font-size: 14pt;\">La s\u00e9ance est factur\u00e9e :<\/span><\/p>\n<ul>\n<li><span style=\"font-size: 14pt;\"><strong>60 Euros<\/strong> pour les Adultes<\/span><\/li>\n<li><span style=\"font-size: 14pt;\"><strong>45 Euros<\/strong> pour les Enfants de moins de 7 ans<\/span><\/li>\n<\/ul>\n<p><span style=\"font-size: 14pt;\">Votre ost\u00e9opathe vous d\u00e9livrera une facture par e-mail ou papier.<\/span><\/p>\n<p><span style=\"font-size: 14pt;\">Les s\u00e9ances peuvent \u00eatre int\u00e9gralement ou partiellement prises en charge, renseignez-vous aupr\u00e8s de votre mutuelle.<\/span><\/p>\n<p><span style=\"font-size: 14pt;\">Les r\u00e8glements accept\u00e9s : carte bleue, ch\u00e8que et esp\u00e8ces<\/span><\/p>\n<\/div>\n\n\n\n<p>&nbsp;<\/p>\n<h2 style=\"text-align: center;\"><span style=\"font-size: 24pt;\">Formation Ost\u00e9opathie<\/span><\/h2>\n<p>&nbsp;<\/p>\n<p><span style=\"font-size: 14pt;\"><strong><span style=\"text-decoration: underline;\">2018<\/span><\/strong> Transfert du cabinet d&#8217;ost\u00e9opathie au <a href=\"http:\/\/www.pole-sante-beaublanc.fr\" target=\"_blank\" rel=\"noopener noreferrer\">P\u00f4le Sant\u00e9 Beaublanc<\/a><\/span><\/p>\n<p><span style=\"font-size: 14pt;\"><strong><span style=\"text-decoration: underline;\">2018<\/span><\/strong> Transmission du&nbsp;cabinet d&#8217;ost\u00e9opathie <a href=\"https:\/\/goo.gl\/maps\/rp8GmVVmX68LhT2R8\">Dominique PASQUET<\/a><\/span><\/p>\n<p class=\"p1\"><span style=\"font-size: 14pt;\"><strong><span style=\"text-decoration: underline;\">2016<\/span><\/strong> Collaboration au sein du cabinet de <a href=\"https:\/\/goo.gl\/maps\/rp8GmVVmX68LhT2R8\">Dominique PASQUET<\/a> &nbsp;<\/span><\/p>\n<p class=\"p1\"><span style=\"font-size: 14pt;\"><strong><span style=\"text-decoration: underline;\">2015<\/span><\/strong> Ost\u00e9opathe du groupe <a href=\"https:\/\/limoges.climb-up.fr\/\">Climb Up Limoges Escalade&nbsp;<\/a><\/span><\/p>\n<p class=\"p1\"><span style=\"font-size: 14pt;\"><strong><span style=\"text-decoration: underline;\">2014<\/span><\/strong> Remplacements au cabinet de <a href=\"https:\/\/goo.gl\/maps\/b79aatQJg9R38XEh8\">Claire-Lise JACOUTY<\/a>&nbsp;<\/span><\/p>\n<p class=\"p1\"><span style=\"font-size: 14pt;\"><strong><span style=\"text-decoration: underline;\">2014<\/span><\/strong> Ouverture du Cabinet d&#8217;ost\u00e9opathie au 7 avenue Georges et Valentin Lemoine \u00e0 Limoges<\/span><\/p>\n<p><span style=\"text-decoration: underline; font-size: 14pt;\"><strong>2013<\/strong><\/span><span style=\"font-size: 14pt;\"> Dipl\u00f4me d&#8217;Ost\u00e9opathie d\u00e9livr\u00e9 par le Coll\u00e8ge Ost\u00e9opathique Sutherland \u00e0 Paris<\/span><\/p>\n<p class=\"p1\"><span class=\"s1\" style=\"font-size: 14pt;\"><strong><span style=\"text-decoration: underline;\">2013<\/span><\/strong> Etudiant Ost\u00e9opathe au Magazine <a href=\"https:\/\/www.leparisien.fr\/\" target=\"_blank\" rel=\"noopener noreferrer\">Le Parisien<\/a> \u00e0 Paris<\/span><\/p>\n<p class=\"p1\"><span class=\"s1\" style=\"font-size: 14pt;\"><strong><span style=\"text-decoration: underline;\">2012<\/span><\/strong> Etudiant Ost\u00e9opathe au Championnat de France Inter arm\u00e9es de Rugby \u00e0 Paris<\/span><\/p>\n<p class=\"p1\"><span class=\"s1\" style=\"font-size: 14pt;\"><strong><span style=\"text-decoration: underline;\">2012<\/span><\/strong> Etudiant Ost\u00e9opathe au Tournoi Inter \u00e9coles <a href=\"https:\/\/www.polytechnique.edu\/fr\/sports\" target=\"_blank\" rel=\"noopener noreferrer\">Polytechnique X<\/a> \u00e0 Paris<\/span><\/p>\n<p>&nbsp;<\/p>\n<h2 class=\"p1\" style=\"text-align: center;\"><span style=\"font-size: 24pt;\">Formations et activit\u00e9s de secourisme<\/span><\/h2>\n<h2 class=\"p1\" style=\"text-align: center;\"><a href=\"http:\/\/limoges-osteopathe.fr\/wp-content\/uploads\/2016\/05\/premiers-secours.jpg\"><img loading=\"lazy\" decoding=\"async\" class=\"wp-image-313 aligncenter\" title=\"test\" src=\"http:\/\/limoges-osteopathe.fr\/wp-content\/uploads\/2016\/05\/premiers-secours.jpg\" alt=\"croix rouge formation aux premiers secours\" width=\"127\" height=\"108\" srcset=\"https:\/\/limoges-osteopathe.fr\/wp-content\/uploads\/2016\/05\/premiers-secours.jpg 554w, https:\/\/limoges-osteopathe.fr\/wp-content\/uploads\/2016\/05\/premiers-secours-300x256.jpg 300w\" sizes=\"auto, (max-width: 127px) 100vw, 127px\" \/><\/a><\/h2>\n<p><span style=\"font-size: 14pt;\"><strong><span style=\"text-decoration: underline;\">2017 &#8211; 2020<\/span><\/strong> Activit\u00e9 de <a href=\"https:\/\/sdis-87.fr\/\" target=\"_blank\" rel=\"noopener noreferrer\">Sapeur Pompier Volontaire<\/a> au Centre de secours de la Mauvendi\u00e8re \u00e0 Limoges&nbsp;<\/span><\/p>\n<p><span style=\"font-size: 14pt;\"><strong><span style=\"text-decoration: underline;\"><img loading=\"lazy\" decoding=\"async\" class=\"aligncenter\" src=\"https:\/\/limoges-osteopathe.fr\/wp-content\/uploads\/2021\/04\/sdis87.jpeg\" alt=\"\" width=\"105\" height=\"105\"><\/span><\/strong><\/span><\/p>\n<p class=\"p1\" style=\"text-align: left;\"><span style=\"font-size: 14pt;\"><strong><span style=\"text-decoration: underline;\">2016<\/span><\/strong>&nbsp;Pr\u00e9vention et Secours Civiques de niveau 1(PSC1) par la Croix-Rouge fran\u00e7aise<\/span><\/p>\n<p class=\"p1\" style=\"text-align: left;\"><span style=\"font-size: 14pt;\"><strong><span style=\"text-decoration: underline;\">2016<\/span> <\/strong>European First Aid Certificate (Brevet europ\u00e9en des premiers secours) par la Croix-Rouge fran\u00e7aise<\/span><\/p>\n<p class=\"p1\" style=\"text-align: left;\"><span style=\"font-size: 14pt;\"><strong><span style=\"text-decoration: underline;\">2016<\/span> <\/strong>Initiation \u00e0 la r\u00e9duction des risques&nbsp;par la Croix-Rouge fran\u00e7aise<\/span><\/p>\n<p class=\"p1\" style=\"text-align: left;\"><span style=\"font-size: 14pt;\"><strong><span style=\"text-decoration: underline;\">2005<\/span> <\/strong>Attestation de Formation aux Premiers Secours (AFPS) par la F\u00e9d\u00e9ration nationale de la Protection Civile<\/span><\/p>\n\n\n\n<h2 style=\"text-align: center;\"><span style=\"font-size: 24pt;\">Plan du site<\/span><\/h2>\n<p style=\"text-align: center;\"><span style=\"font-size: 18pt;\"><a href=\"https:\/\/limoges-osteopathe.fr\/\">Accueil<\/a><\/span><\/p>\n<p style=\"text-align: center;\"><span style=\"font-size: 18pt;\"><a href=\"https:\/\/limoges-osteopathe.fr\/index.php\/articles-conseils\/\">Articles &amp; Conseils<\/a><\/span><\/p>\n<p style=\"text-align: center;\"><span style=\"font-size: 18pt;\"><a href=\"https:\/\/limoges-osteopathe.fr\/index.php\/guide-de-mobilisation-articulaire-etirement-musculaire-a-realiser-seul-charles-golfier-2\/\">PDF auto-\u00e9tirements<\/a><\/span><\/p>\n\n\n","protected":false},"excerpt":{"rendered":"<p>Prendre rendez-vous en ligne Charles GOLFIER Ost\u00e9opathe D.0. \u00e0 Limoges P\u00f4le Sant\u00e9 Beaublanc Limoges &nbsp; &nbsp; &nbsp; &nbsp; &nbsp; Ost\u00e9opathe dipl\u00f4m\u00e9 du Coll\u00e8ge Ost\u00e9opathique Sutherland \u00e0 Paris, j\u2019ai obtenu mon dipl\u00f4me en 2013 \u00e0 l\u2019issue d\u2019une formation initiale compl\u00e8te de 5 ann\u00e9es, reconnue par le Minist\u00e8re de la Sant\u00e9 et conforme \u00e0 la r\u00e9glementation europ\u00e9enne [&hellip;]<\/p>\n","protected":false},"author":1,"featured_media":0,"parent":0,"menu_order":0,"comment_status":"closed","ping_status":"closed","template":"","meta":{"footnotes":""},"class_list":["post-28","page","type-page","status-publish","hentry","post"],"yoast_head":"<!-- This site is optimized with the Yoast SEO plugin v15.3 - https:\/\/yoast.com\/wordpress\/plugins\/seo\/ -->\n<title>P\u00f4le Sant\u00e9 Beaublanc - Ost\u00e9opathe - Charles Golfier- Limoges<\/title>\n<meta name=\"description\" content=\"Charles GOLFIER est Ost\u00e9opathe au P\u00f4le Sant\u00e9 Beaublanc \u00e0 Limoges. Consultation sur RDV du lundi au vendredi ( 8h30 - 20h00 ) Tel : 0555776520\" \/>\n<meta name=\"robots\" content=\"index, follow, max-snippet:-1, max-image-preview:large, max-video-preview:-1\" \/>\n<link rel=\"canonical\" href=\"https:\/\/limoges-osteopathe.fr\/\" \/>\n<meta property=\"og:locale\" content=\"fr_FR\" \/>\n<meta property=\"og:type\" content=\"article\" \/>\n<meta property=\"og:title\" content=\"P\u00f4le Sant\u00e9 Beaublanc - Ost\u00e9opathe - Charles Golfier- Limoges\" \/>\n<meta property=\"og:description\" content=\"Charles GOLFIER est Ost\u00e9opathe au P\u00f4le Sant\u00e9 Beaublanc \u00e0 Limoges. Consultation sur RDV du lundi au vendredi ( 8h30 - 20h00 ) Tel : 0555776520\" \/>\n<meta property=\"og:url\" content=\"https:\/\/limoges-osteopathe.fr\/\" \/>\n<meta property=\"og:site_name\" content=\"Charles GOLFIER Ost\u00e9opathe D.O. Limoges\" \/>\n<meta property=\"article:modified_time\" content=\"2026-01-30T14:25:15+00:00\" \/>\n<meta property=\"og:image\" content=\"https:\/\/pro.doctolib.fr\/external_button\/doctolib-white-transparent.png\" \/>\n<meta name=\"twitter:card\" content=\"summary_large_image\" \/>\n<meta name=\"twitter:label1\" content=\"\u00c9crit par\">\n\t<meta name=\"twitter:data1\" content=\"Charles GOLFIER\">\n\t<meta name=\"twitter:label2\" content=\"Dur\u00e9e de lecture est.\">\n\t<meta name=\"twitter:data2\" content=\"2 minutes\">\n<script type=\"application\/ld+json\" class=\"yoast-schema-graph\">{\"@context\":\"https:\/\/schema.org\",\"@graph\":[{\"@type\":[\"Person\",\"Organization\"],\"@id\":\"https:\/\/limoges-osteopathe.fr\/#\/schema\/person\/8717ca9b350cfdca5ab30200e5153366\",\"name\":\"Charles GOLFIER\",\"image\":{\"@type\":\"ImageObject\",\"@id\":\"https:\/\/limoges-osteopathe.fr\/#personlogo\",\"inLanguage\":\"fr-FR\",\"url\":\"https:\/\/secure.gravatar.com\/avatar\/ee4b1177b2110a293e3b69b1ef8c424f56b89db12154ec6eeb5bc9329cc600cf?s=96&d=mm&r=g\",\"caption\":\"Charles GOLFIER\"},\"logo\":{\"@id\":\"https:\/\/limoges-osteopathe.fr\/#personlogo\"}},{\"@type\":\"WebSite\",\"@id\":\"https:\/\/limoges-osteopathe.fr\/#website\",\"url\":\"https:\/\/limoges-osteopathe.fr\/\",\"name\":\"C. GOLFIER OSTEOPATHE\",\"description\":\"Ost\\u00e9opathe \\u00e0 Limoges\",\"publisher\":{\"@id\":\"https:\/\/limoges-osteopathe.fr\/#\/schema\/person\/8717ca9b350cfdca5ab30200e5153366\"},\"potentialAction\":[{\"@type\":\"SearchAction\",\"target\":\"https:\/\/limoges-osteopathe.fr\/?s={search_term_string}\",\"query-input\":\"required name=search_term_string\"}],\"inLanguage\":\"fr-FR\"},{\"@type\":\"ImageObject\",\"@id\":\"https:\/\/limoges-osteopathe.fr\/#primaryimage\",\"inLanguage\":\"fr-FR\",\"url\":\"https:\/\/pro.doctolib.fr\/external_button\/doctolib-white-transparent.png\"},{\"@type\":\"WebPage\",\"@id\":\"https:\/\/limoges-osteopathe.fr\/#webpage\",\"url\":\"https:\/\/limoges-osteopathe.fr\/\",\"name\":\"P\\u00f4le Sant\\u00e9 Beaublanc - Ost\\u00e9opathe - Charles Golfier- Limoges\",\"isPartOf\":{\"@id\":\"https:\/\/limoges-osteopathe.fr\/#website\"},\"primaryImageOfPage\":{\"@id\":\"https:\/\/limoges-osteopathe.fr\/#primaryimage\"},\"datePublished\":\"2016-05-11T16:20:49+00:00\",\"dateModified\":\"2026-01-30T14:25:15+00:00\",\"description\":\"Charles GOLFIER est Ost\\u00e9opathe au P\\u00f4le Sant\\u00e9 Beaublanc \\u00e0 Limoges. Consultation sur RDV du lundi au vendredi ( 8h30 - 20h00 ) Tel : 0555776520\",\"inLanguage\":\"fr-FR\",\"potentialAction\":[{\"@type\":\"ReadAction\",\"target\":[\"https:\/\/limoges-osteopathe.fr\/\"]}]}]}<\/script>\n<!-- \/ Yoast SEO plugin. -->","_links":{"self":[{"href":"https:\/\/limoges-osteopathe.fr\/index.php\/wp-json\/wp\/v2\/pages\/28","targetHints":{"allow":["GET"]}}],"collection":[{"href":"https:\/\/limoges-osteopathe.fr\/index.php\/wp-json\/wp\/v2\/pages"}],"about":[{"href":"https:\/\/limoges-osteopathe.fr\/index.php\/wp-json\/wp\/v2\/types\/page"}],"author":[{"embeddable":true,"href":"https:\/\/limoges-osteopathe.fr\/index.php\/wp-json\/wp\/v2\/users\/1"}],"replies":[{"embeddable":true,"href":"https:\/\/limoges-osteopathe.fr\/index.php\/wp-json\/wp\/v2\/comments?post=28"}],"version-history":[{"count":227,"href":"https:\/\/limoges-osteopathe.fr\/index.php\/wp-json\/wp\/v2\/pages\/28\/revisions"}],"predecessor-version":[{"id":783,"href":"https:\/\/limoges-osteopathe.fr\/index.php\/wp-json\/wp\/v2\/pages\/28\/revisions\/783"}],"wp:attachment":[{"href":"https:\/\/limoges-osteopathe.fr\/index.php\/wp-json\/wp\/v2\/media?parent=28"}],"curies":[{"name":"wp","href":"https:\/\/api.w.org\/{rel}","templated":true}]}}